{"id":5890,"date":"2025-12-02T19:47:50","date_gmt":"2025-12-02T19:47:50","guid":{"rendered":"https:\/\/lapiz-architects.com\/?page_id=5890"},"modified":"2025-12-05T15:32:52","modified_gmt":"2025-12-05T15:32:52","slug":"promenade","status":"publish","type":"page","link":"https:\/\/lapiz-architects.com\/es\/promenade\/","title":{"rendered":"Promenade"},"content":{"rendered":"<div data-elementor-type=\"wp-page\" data-elementor-id=\"5890\" class=\"elementor elementor-5890\" data-elementor-post-type=\"page\">\n\t\t\t\t<div class=\"elementor-element elementor-element-355b07f e-con-full e-flex e-con e-parent\" data-id=\"355b07f\" data-element_type=\"container\" data-e-type=\"container\">\n\t\t\t\t<div class=\"elementor-element elementor-element-a27127f elementor-widget__width-initial elementor-widget-tablet_extra__width-inherit elementor-widget elementor-widget-image\" data-id=\"a27127f\" data-element_type=\"widget\" data-e-type=\"widget\" data-widget_type=\"image.default\">\n\t\t\t\t<div class=\"elementor-widget-container\">\n\t\t\t\t\t\t\t\t\t\t\t\t\t\t\t<img loading=\"lazy\" decoding=\"async\" width=\"2048\" height=\"1170\" src=\"https:\/\/lapiz-architects.com\/wp-content\/uploads\/2025\/11\/Promenade-1.jpg\" class=\"attachment-2048x2048 size-2048x2048 wp-image-5406\" alt=\"\" srcset=\"https:\/\/lapiz-architects.com\/wp-content\/uploads\/2025\/11\/Promenade-1.jpg 2048w, https:\/\/lapiz-architects.com\/wp-content\/uploads\/2025\/11\/Promenade-1-300x171.jpg 300w, https:\/\/lapiz-architects.com\/wp-content\/uploads\/2025\/11\/Promenade-1-1024x585.jpg 1024w, https:\/\/lapiz-architects.com\/wp-content\/uploads\/2025\/11\/Promenade-1-768x439.jpg 768w, https:\/\/lapiz-architects.com\/wp-content\/uploads\/2025\/11\/Promenade-1-1536x878.jpg 1536w, https:\/\/lapiz-architects.com\/wp-content\/uploads\/2025\/11\/Promenade-1-18x10.jpg 18w\" sizes=\"auto, (max-width: 2048px) 100vw, 2048px\" \/>\t\t\t\t\t\t\t\t\t\t\t\t\t\t\t<\/div>\n\t\t\t\t<\/div>\n\t\t\t\t<div class=\"elementor-element elementor-element-0d4726e elementor-widget-laptop__width-initial elementor-widget__width-inherit elementor-widget elementor-widget-text-editor\" data-id=\"0d4726e\" data-element_type=\"widget\" data-e-type=\"widget\" data-widget_type=\"text-editor.default\">\n\t\t\t\t<div class=\"elementor-widget-container\">\n\t\t\t\t\t\t\t\t\t<h4 class=\"p1\">Paseo comercial a cielo abierto<\/h4><p class=\"p1\">Lugar y cliente: Confidencial<\/p><p class=\"p1\">Paisajismo: Balmori Associates<\/p><p class=\"p1\">Superficie total: 10.000 m2<\/p><p class=\"p1\">\u00a0<\/p><p class=\"p2\">Este paseo comercial a cielo abierto se organiza a partir de una espina de circulaci\u00f3n peatonal que comienza\u00a0<span style=\"font-size: 1rem;\">en una plaza y culmina en una gran tienda ancla. Los locales comerciales se disponen a lo largo de ese eje,\u00a0<\/span><span style=\"font-size: 1rem;\">dejando amplios espacios entre ellos donde se ubican bares y caf\u00e9s bajo la sombra de los \u00e1rboles.<\/span><\/p>\t\t\t\t\t\t\t\t<\/div>\n\t\t\t\t<\/div>\n\t\t\t\t<div class=\"elementor-element elementor-element-aaa296b elementor-widget__width-initial elementor-widget-tablet_extra__width-inherit elementor-widget elementor-widget-image\" data-id=\"aaa296b\" data-element_type=\"widget\" data-e-type=\"widget\" data-widget_type=\"image.default\">\n\t\t\t\t<div class=\"elementor-widget-container\">\n\t\t\t\t\t\t\t\t\t\t\t\t\t\t\t<img loading=\"lazy\" decoding=\"async\" width=\"2048\" height=\"1152\" src=\"https:\/\/lapiz-architects.com\/wp-content\/uploads\/2025\/11\/Promenade-Site-Plan.jpg\" class=\"attachment-2048x2048 size-2048x2048 wp-image-5903\" alt=\"Promenade site plan\" srcset=\"https:\/\/lapiz-architects.com\/wp-content\/uploads\/2025\/11\/Promenade-Site-Plan.jpg 2048w, https:\/\/lapiz-architects.com\/wp-content\/uploads\/2025\/11\/Promenade-Site-Plan-300x169.jpg 300w, https:\/\/lapiz-architects.com\/wp-content\/uploads\/2025\/11\/Promenade-Site-Plan-1024x576.jpg 1024w, https:\/\/lapiz-architects.com\/wp-content\/uploads\/2025\/11\/Promenade-Site-Plan-768x432.jpg 768w, https:\/\/lapiz-architects.com\/wp-content\/uploads\/2025\/11\/Promenade-Site-Plan-1536x864.jpg 1536w, https:\/\/lapiz-architects.com\/wp-content\/uploads\/2025\/11\/Promenade-Site-Plan-18x10.jpg 18w\" sizes=\"auto, (max-width: 2048px) 100vw, 2048px\" \/>\t\t\t\t\t\t\t\t\t\t\t\t\t\t\t<\/div>\n\t\t\t\t<\/div>\n\t\t\t\t<div class=\"elementor-element elementor-element-65283b7 elementor-widget__width-inherit elementor-widget-laptop__width-initial elementor-widget elementor-widget-text-editor\" data-id=\"65283b7\" data-element_type=\"widget\" data-e-type=\"widget\" data-widget_type=\"text-editor.default\">\n\t\t\t\t<div class=\"elementor-widget-container\">\n\t\t\t\t\t\t\t\t\t<p class=\"p1\">En la planta superior se desarrollan monoambientes que se abren hacia las fachadas exteriores y pueden destinarse\u00a0<span style=\"font-size: 1rem;\">a oficinas o alquileres temporarios. Los vol\u00famenes, f\u00e1cilmente reconocibles, est\u00e1n revestidos con peque\u00f1as piezas cer\u00e1micas\u00a0<\/span><span style=\"font-size: 1rem;\">que realzan sus esquinas curvas y producen suaves destellos de luz a lo largo del d\u00eda.<\/span><\/p>\t\t\t\t\t\t\t\t<\/div>\n\t\t\t\t<\/div>\n\t\t\t\t<div class=\"elementor-element elementor-element-61e779a elementor-widget__width-initial elementor-widget-tablet_extra__width-inherit elementor-widget elementor-widget-image\" data-id=\"61e779a\" data-element_type=\"widget\" data-e-type=\"widget\" data-widget_type=\"image.default\">\n\t\t\t\t<div class=\"elementor-widget-container\">\n\t\t\t\t\t\t\t\t\t\t\t\t\t\t\t<img loading=\"lazy\" decoding=\"async\" width=\"2048\" height=\"645\" src=\"https:\/\/lapiz-architects.com\/wp-content\/uploads\/2025\/11\/Promenade-Plans-Upper-2048x645.jpg\" class=\"attachment-2048x2048 size-2048x2048 wp-image-5928\" alt=\"Promenade Plans Upper\" srcset=\"https:\/\/lapiz-architects.com\/wp-content\/uploads\/2025\/11\/Promenade-Plans-Upper-2048x645.jpg 2048w, https:\/\/lapiz-architects.com\/wp-content\/uploads\/2025\/11\/Promenade-Plans-Upper-300x94.jpg 300w, https:\/\/lapiz-architects.com\/wp-content\/uploads\/2025\/11\/Promenade-Plans-Upper-1024x322.jpg 1024w, https:\/\/lapiz-architects.com\/wp-content\/uploads\/2025\/11\/Promenade-Plans-Upper-768x242.jpg 768w, https:\/\/lapiz-architects.com\/wp-content\/uploads\/2025\/11\/Promenade-Plans-Upper-1536x484.jpg 1536w, https:\/\/lapiz-architects.com\/wp-content\/uploads\/2025\/11\/Promenade-Plans-Upper-18x6.jpg 18w\" sizes=\"auto, (max-width: 2048px) 100vw, 2048px\" \/>\t\t\t\t\t\t\t\t\t\t\t\t\t\t\t<\/div>\n\t\t\t\t<\/div>\n\t\t\t\t<div class=\"elementor-element elementor-element-340d9d7 elementor-widget__width-initial elementor-widget elementor-widget-text-editor\" data-id=\"340d9d7\" data-element_type=\"widget\" data-e-type=\"widget\" data-widget_type=\"text-editor.default\">\n\t\t\t\t<div class=\"elementor-widget-container\">\n\t\t\t\t\t\t\t\t\t<p class=\"p1\">Primer Piso<\/p>\t\t\t\t\t\t\t\t<\/div>\n\t\t\t\t<\/div>\n\t\t\t\t<div class=\"elementor-element elementor-element-5b49b42 elementor-widget__width-initial elementor-widget-tablet_extra__width-inherit elementor-widget elementor-widget-image\" data-id=\"5b49b42\" data-element_type=\"widget\" data-e-type=\"widget\" data-widget_type=\"image.default\">\n\t\t\t\t<div class=\"elementor-widget-container\">\n\t\t\t\t\t\t\t\t\t\t\t\t\t\t\t<img loading=\"lazy\" decoding=\"async\" width=\"2048\" height=\"797\" src=\"https:\/\/lapiz-architects.com\/wp-content\/uploads\/2025\/11\/Promenade-Plans-Lower-2048x797.jpg\" class=\"attachment-2048x2048 size-2048x2048 wp-image-5930\" alt=\"Promenade Plans Lower\" srcset=\"https:\/\/lapiz-architects.com\/wp-content\/uploads\/2025\/11\/Promenade-Plans-Lower-2048x797.jpg 2048w, https:\/\/lapiz-architects.com\/wp-content\/uploads\/2025\/11\/Promenade-Plans-Lower-300x117.jpg 300w, https:\/\/lapiz-architects.com\/wp-content\/uploads\/2025\/11\/Promenade-Plans-Lower-1024x398.jpg 1024w, https:\/\/lapiz-architects.com\/wp-content\/uploads\/2025\/11\/Promenade-Plans-Lower-768x299.jpg 768w, https:\/\/lapiz-architects.com\/wp-content\/uploads\/2025\/11\/Promenade-Plans-Lower-1536x597.jpg 1536w, https:\/\/lapiz-architects.com\/wp-content\/uploads\/2025\/11\/Promenade-Plans-Lower-18x7.jpg 18w\" sizes=\"auto, (max-width: 2048px) 100vw, 2048px\" \/>\t\t\t\t\t\t\t\t\t\t\t\t\t\t\t<\/div>\n\t\t\t\t<\/div>\n\t\t\t\t<div class=\"elementor-element elementor-element-c3e279d elementor-widget__width-initial elementor-widget elementor-widget-text-editor\" data-id=\"c3e279d\" data-element_type=\"widget\" data-e-type=\"widget\" data-widget_type=\"text-editor.default\">\n\t\t\t\t<div class=\"elementor-widget-container\">\n\t\t\t\t\t\t\t\t\t<p class=\"p1\">Planta Baja<\/p>\t\t\t\t\t\t\t\t<\/div>\n\t\t\t\t<\/div>\n\t\t<div class=\"elementor-element elementor-element-0e58cb7 e-con-full e-flex e-con e-child\" data-id=\"0e58cb7\" data-element_type=\"container\" data-e-type=\"container\">\n\t\t\t\t<div class=\"elementor-element elementor-element-73bc5eb elementor-shape-rounded elementor-grid-0 e-grid-align-center elementor-widget elementor-widget-social-icons\" data-id=\"73bc5eb\" data-element_type=\"widget\" data-e-type=\"widget\" data-widget_type=\"social-icons.default\">\n\t\t\t\t<div class=\"elementor-widget-container\">\n\t\t\t\t\t\t\t<div class=\"elementor-social-icons-wrapper elementor-grid\" role=\"list\">\n\t\t\t\t\t\t\t<span class=\"elementor-grid-item\" role=\"listitem\">\n\t\t\t\t\t<a class=\"elementor-icon elementor-social-icon elementor-social-icon-linkedin elementor-repeater-item-1fa92b5\" href=\"https:\/\/www.linkedin.com\/company\/lapiz-architects\" target=\"_blank\">\n\t\t\t\t\t\t<span class=\"elementor-screen-only\">Linkedin<\/span>\n\t\t\t\t\t\t<i aria-hidden=\"true\" class=\"fab fa-linkedin\"><\/i>\t\t\t\t\t<\/a>\n\t\t\t\t<\/span>\n\t\t\t\t\t\t\t<span class=\"elementor-grid-item\" role=\"listitem\">\n\t\t\t\t\t<a class=\"elementor-icon elementor-social-icon elementor-social-icon-instagram elementor-repeater-item-a4e966c\" href=\"https:\/\/www.instagram.com\/la_porta_drago_zemborain\/\" target=\"_blank\">\n\t\t\t\t\t\t<span class=\"elementor-screen-only\">Instagram<\/span>\n\t\t\t\t\t\t<i aria-hidden=\"true\" class=\"fab fa-instagram\"><\/i>\t\t\t\t\t<\/a>\n\t\t\t\t<\/span>\n\t\t\t\t\t<\/div>\n\t\t\t\t\t\t<\/div>\n\t\t\t\t<\/div>\n\t\t\t\t<\/div>\n\t\t\t\t<\/div>\n\t\t\t\t<\/div>","protected":false},"excerpt":{"rendered":"<p>Open-air retail promenade Location and Client: Confidential Landscape: Balmori Associates Area: 108.000sqft \u00a0 This open-air shopping promenade is organized along a pedestrian circulation spine that begins\u00a0at a plaza and terminates at a large anchor store. Retail spaces line this axis, with generous\u00a0intervals between them occupied by bars and caf\u00e9s sheltered under the shade of trees. [&hellip;]<\/p>\n","protected":false},"author":1,"featured_media":0,"parent":0,"menu_order":0,"comment_status":"closed","ping_status":"closed","template":"elementor_header_footer","meta":{"nf_dc_page":"","_monsterinsights_skip_tracking":false,"_monsterinsights_sitenote_active":false,"_monsterinsights_sitenote_note":"","_monsterinsights_sitenote_category":0,"footnotes":""},"class_list":["post-5890","page","type-page","status-publish","hentry"],"yoast_head":"<!-- This site is optimized with the Yoast SEO plugin v27.4 - https:\/\/yoast.com\/product\/yoast-seo-wordpress\/ -->\n<title>Promenade - La Porta Drago | Zemborain Architects<\/title>\n<meta name=\"robots\" content=\"index, follow, max-snippet:-1, max-image-preview:large, max-video-preview:-1\" \/>\n<link rel=\"canonical\" href=\"https:\/\/lapiz-architects.com\/es\/la-reserva\/\" \/>\n<meta property=\"og:locale\" content=\"es_ES\" \/>\n<meta property=\"og:type\" content=\"article\" \/>\n<meta property=\"og:title\" content=\"Promenade - La Porta Drago | Zemborain Architects\" \/>\n<meta property=\"og:description\" content=\"Open-air retail promenade Location and Client: Confidential Landscape: Balmori Associates Area: 108.000sqft \u00a0 This open-air shopping promenade is organized along a pedestrian circulation spine that begins\u00a0at a plaza and terminates at a large anchor store. Retail spaces line this axis, with generous\u00a0intervals between them occupied by bars and caf\u00e9s sheltered under the shade of trees. [&hellip;]\" \/>\n<meta property=\"og:url\" content=\"https:\/\/lapiz-architects.com\/es\/la-reserva\/\" \/>\n<meta property=\"og:site_name\" content=\"La Porta Drago | Zemborain Architects\" \/>\n<meta property=\"article:modified_time\" content=\"2025-12-05T15:32:52+00:00\" \/>\n<meta property=\"og:image\" content=\"https:\/\/lapiz-architects.com\/wp-content\/uploads\/2025\/11\/Promenade-1.jpg\" \/>\n\t<meta property=\"og:image:width\" content=\"2048\" \/>\n\t<meta property=\"og:image:height\" content=\"1170\" \/>\n\t<meta property=\"og:image:type\" content=\"image\/jpeg\" \/>\n<meta name=\"twitter:card\" content=\"summary_large_image\" \/>\n<meta name=\"twitter:label1\" content=\"Tiempo de lectura\" \/>\n\t<meta name=\"twitter:data1\" content=\"2 minutos\" \/>\n<script type=\"application\/ld+json\" class=\"yoast-schema-graph\">{\"@context\":\"https:\\\/\\\/schema.org\",\"@graph\":[{\"@type\":\"WebPage\",\"@id\":\"https:\\\/\\\/lapiz-architects.com\\\/promenade\\\/\",\"url\":\"https:\\\/\\\/lapiz-architects.com\\\/la-reserva\\\/\",\"name\":\"Promenade - La Porta Drago | Zemborain Architects\",\"isPartOf\":{\"@id\":\"https:\\\/\\\/lapiz-architects.com\\\/#website\"},\"primaryImageOfPage\":{\"@id\":\"https:\\\/\\\/lapiz-architects.com\\\/la-reserva\\\/#primaryimage\"},\"image\":{\"@id\":\"https:\\\/\\\/lapiz-architects.com\\\/la-reserva\\\/#primaryimage\"},\"thumbnailUrl\":\"https:\\\/\\\/lapiz-architects.com\\\/wp-content\\\/uploads\\\/2025\\\/11\\\/Promenade-1.jpg\",\"datePublished\":\"2025-12-02T19:47:50+00:00\",\"dateModified\":\"2025-12-05T15:32:52+00:00\",\"breadcrumb\":{\"@id\":\"https:\\\/\\\/lapiz-architects.com\\\/la-reserva\\\/#breadcrumb\"},\"inLanguage\":\"es\",\"potentialAction\":[{\"@type\":\"ReadAction\",\"target\":[\"https:\\\/\\\/lapiz-architects.com\\\/la-reserva\\\/\"]}]},{\"@type\":\"ImageObject\",\"inLanguage\":\"es\",\"@id\":\"https:\\\/\\\/lapiz-architects.com\\\/la-reserva\\\/#primaryimage\",\"url\":\"https:\\\/\\\/lapiz-architects.com\\\/wp-content\\\/uploads\\\/2025\\\/11\\\/Promenade-1.jpg\",\"contentUrl\":\"https:\\\/\\\/lapiz-architects.com\\\/wp-content\\\/uploads\\\/2025\\\/11\\\/Promenade-1.jpg\"},{\"@type\":\"BreadcrumbList\",\"@id\":\"https:\\\/\\\/lapiz-architects.com\\\/la-reserva\\\/#breadcrumb\",\"itemListElement\":[{\"@type\":\"ListItem\",\"position\":1,\"name\":\"Home\",\"item\":\"https:\\\/\\\/lapiz-architects.com\\\/\"},{\"@type\":\"ListItem\",\"position\":2,\"name\":\"Promenade\"}]},{\"@type\":\"WebSite\",\"@id\":\"https:\\\/\\\/lapiz-architects.com\\\/#website\",\"url\":\"https:\\\/\\\/lapiz-architects.com\\\/\",\"name\":\"La Porta Drago Zemborain Architects\",\"description\":\"Architectural Design\",\"publisher\":{\"@id\":\"https:\\\/\\\/lapiz-architects.com\\\/#organization\"},\"alternateName\":\"LAPIZ Architects\",\"potentialAction\":[{\"@type\":\"SearchAction\",\"target\":{\"@type\":\"EntryPoint\",\"urlTemplate\":\"https:\\\/\\\/lapiz-architects.com\\\/?s={search_term_string}\"},\"query-input\":{\"@type\":\"PropertyValueSpecification\",\"valueRequired\":true,\"valueName\":\"search_term_string\"}}],\"inLanguage\":\"es\"},{\"@type\":\"Organization\",\"@id\":\"https:\\\/\\\/lapiz-architects.com\\\/#organization\",\"name\":\"La Porta Drago Zemborain Architects\",\"alternateName\":\"LAPIZ Architects\",\"url\":\"https:\\\/\\\/lapiz-architects.com\\\/\",\"logo\":{\"@type\":\"ImageObject\",\"inLanguage\":\"es\",\"@id\":\"https:\\\/\\\/lapiz-architects.com\\\/#\\\/schema\\\/logo\\\/image\\\/\",\"url\":\"https:\\\/\\\/lapiz-architects.com\\\/wp-content\\\/uploads\\\/2023\\\/12\\\/LAPIZ-ISO-LOGO-HIGH2.png\",\"contentUrl\":\"https:\\\/\\\/lapiz-architects.com\\\/wp-content\\\/uploads\\\/2023\\\/12\\\/LAPIZ-ISO-LOGO-HIGH2.png\",\"width\":15001,\"height\":5000,\"caption\":\"La Porta Drago Zemborain Architects\"},\"image\":{\"@id\":\"https:\\\/\\\/lapiz-architects.com\\\/#\\\/schema\\\/logo\\\/image\\\/\"}}]}<\/script>\n<!-- \/ Yoast SEO plugin. -->","yoast_head_json":{"title":"Promenade - La Porta Drago | Zemborain Architects","robots":{"index":"index","follow":"follow","max-snippet":"max-snippet:-1","max-image-preview":"max-image-preview:large","max-video-preview":"max-video-preview:-1"},"canonical":"https:\/\/lapiz-architects.com\/es\/la-reserva\/","og_locale":"es_ES","og_type":"article","og_title":"Promenade - La Porta Drago | Zemborain Architects","og_description":"Open-air retail promenade Location and Client: Confidential Landscape: Balmori Associates Area: 108.000sqft \u00a0 This open-air shopping promenade is organized along a pedestrian circulation spine that begins\u00a0at a plaza and terminates at a large anchor store. Retail spaces line this axis, with generous\u00a0intervals between them occupied by bars and caf\u00e9s sheltered under the shade of trees. [&hellip;]","og_url":"https:\/\/lapiz-architects.com\/es\/la-reserva\/","og_site_name":"La Porta Drago | Zemborain Architects","article_modified_time":"2025-12-05T15:32:52+00:00","og_image":[{"width":2048,"height":1170,"url":"https:\/\/lapiz-architects.com\/wp-content\/uploads\/2025\/11\/Promenade-1.jpg","type":"image\/jpeg"}],"twitter_card":"summary_large_image","twitter_misc":{"Tiempo de lectura":"2 minutos"},"schema":{"@context":"https:\/\/schema.org","@graph":[{"@type":"WebPage","@id":"https:\/\/lapiz-architects.com\/promenade\/","url":"https:\/\/lapiz-architects.com\/la-reserva\/","name":"Promenade - La Porta Drago | Zemborain Architects","isPartOf":{"@id":"https:\/\/lapiz-architects.com\/#website"},"primaryImageOfPage":{"@id":"https:\/\/lapiz-architects.com\/la-reserva\/#primaryimage"},"image":{"@id":"https:\/\/lapiz-architects.com\/la-reserva\/#primaryimage"},"thumbnailUrl":"https:\/\/lapiz-architects.com\/wp-content\/uploads\/2025\/11\/Promenade-1.jpg","datePublished":"2025-12-02T19:47:50+00:00","dateModified":"2025-12-05T15:32:52+00:00","breadcrumb":{"@id":"https:\/\/lapiz-architects.com\/la-reserva\/#breadcrumb"},"inLanguage":"es","potentialAction":[{"@type":"ReadAction","target":["https:\/\/lapiz-architects.com\/la-reserva\/"]}]},{"@type":"ImageObject","inLanguage":"es","@id":"https:\/\/lapiz-architects.com\/la-reserva\/#primaryimage","url":"https:\/\/lapiz-architects.com\/wp-content\/uploads\/2025\/11\/Promenade-1.jpg","contentUrl":"https:\/\/lapiz-architects.com\/wp-content\/uploads\/2025\/11\/Promenade-1.jpg"},{"@type":"BreadcrumbList","@id":"https:\/\/lapiz-architects.com\/la-reserva\/#breadcrumb","itemListElement":[{"@type":"ListItem","position":1,"name":"Home","item":"https:\/\/lapiz-architects.com\/"},{"@type":"ListItem","position":2,"name":"Promenade"}]},{"@type":"WebSite","@id":"https:\/\/lapiz-architects.com\/#website","url":"https:\/\/lapiz-architects.com\/","name":"La Porta Drago Zemborain Architects","description":"Architectural Design","publisher":{"@id":"https:\/\/lapiz-architects.com\/#organization"},"alternateName":"LAPIZ Architects","potentialAction":[{"@type":"SearchAction","target":{"@type":"EntryPoint","urlTemplate":"https:\/\/lapiz-architects.com\/?s={search_term_string}"},"query-input":{"@type":"PropertyValueSpecification","valueRequired":true,"valueName":"search_term_string"}}],"inLanguage":"es"},{"@type":"Organization","@id":"https:\/\/lapiz-architects.com\/#organization","name":"La Porta Drago Zemborain Architects","alternateName":"LAPIZ Architects","url":"https:\/\/lapiz-architects.com\/","logo":{"@type":"ImageObject","inLanguage":"es","@id":"https:\/\/lapiz-architects.com\/#\/schema\/logo\/image\/","url":"https:\/\/lapiz-architects.com\/wp-content\/uploads\/2023\/12\/LAPIZ-ISO-LOGO-HIGH2.png","contentUrl":"https:\/\/lapiz-architects.com\/wp-content\/uploads\/2023\/12\/LAPIZ-ISO-LOGO-HIGH2.png","width":15001,"height":5000,"caption":"La Porta Drago Zemborain Architects"},"image":{"@id":"https:\/\/lapiz-architects.com\/#\/schema\/logo\/image\/"}}]}},"_links":{"self":[{"href":"https:\/\/lapiz-architects.com\/es\/wp-json\/wp\/v2\/pages\/5890","targetHints":{"allow":["GET"]}}],"collection":[{"href":"https:\/\/lapiz-architects.com\/es\/wp-json\/wp\/v2\/pages"}],"about":[{"href":"https:\/\/lapiz-architects.com\/es\/wp-json\/wp\/v2\/types\/page"}],"author":[{"embeddable":true,"href":"https:\/\/lapiz-architects.com\/es\/wp-json\/wp\/v2\/users\/1"}],"replies":[{"embeddable":true,"href":"https:\/\/lapiz-architects.com\/es\/wp-json\/wp\/v2\/comments?post=5890"}],"version-history":[{"count":20,"href":"https:\/\/lapiz-architects.com\/es\/wp-json\/wp\/v2\/pages\/5890\/revisions"}],"predecessor-version":[{"id":6650,"href":"https:\/\/lapiz-architects.com\/es\/wp-json\/wp\/v2\/pages\/5890\/revisions\/6650"}],"wp:attachment":[{"href":"https:\/\/lapiz-architects.com\/es\/wp-json\/wp\/v2\/media?parent=5890"}],"curies":[{"name":"wp","href":"https:\/\/api.w.org\/{rel}","templated":true}]}}